{"id":7947,"date":"2026-05-05T22:07:45","date_gmt":"2026-05-06T02:07:45","guid":{"rendered":"https:\/\/nuevoguarico.com\/?page_id=7947"},"modified":"2026-05-06T00:04:28","modified_gmt":"2026-05-06T04:04:28","slug":"quienes-somos","status":"publish","type":"page","link":"https:\/\/nuevoguarico.com\/?page_id=7947","title":{"rendered":"\u00bfQuienes Somos?"},"content":{"rendered":"\t\t<div data-elementor-type=\"wp-page\" data-elementor-id=\"7947\" class=\"elementor elementor-7947\" data-elementor-post-type=\"page\">\n\t\t\t\t\t\t<section class=\"elementor-section elementor-top-section elementor-element elementor-element-6968b67 elementor-section-boxed elementor-section-height-default elementor-section-height-default wpr-particle-no wpr-jarallax-no wpr-parallax-no wpr-sticky-section-no wpr-equal-height-no\" data-id=\"6968b67\" data-element_type=\"section\" data-e-type=\"section\" data-settings=\"{&quot;background_background&quot;:&quot;classic&quot;}\">\n\t\t\t\t\t\t\t<div class=\"elementor-background-overlay\"><\/div>\n\t\t\t\t\t\t\t<div class=\"elementor-container elementor-column-gap-default\">\n\t\t\t\t\t<div class=\"elementor-column elementor-col-100 elementor-top-column elementor-element elementor-element-550e8b5\" data-id=\"550e8b5\" data-element_type=\"column\" data-e-type=\"column\">\n\t\t\t<div class=\"elementor-widget-wrap elementor-element-populated\">\n\t\t\t\t\t\t<div class=\"elementor-element elementor-element-8ba7e4c elementor-widget elementor-widget-heading\" data-id=\"8ba7e4c\" data-element_type=\"widget\" data-e-type=\"widget\" data-widget_type=\"heading.default\">\n\t\t\t\t<div class=\"elementor-widget-container\">\n\t\t\t\t\t<h2 class=\"elementor-heading-title elementor-size-default\">\u00bfQuienes Somos<\/h2>\t\t\t\t<\/div>\n\t\t\t\t<\/div>\n\t\t\t\t\t<\/div>\n\t\t<\/div>\n\t\t\t\t\t<\/div>\n\t\t<\/section>\n\t\t\t\t<section class=\"elementor-section elementor-top-section elementor-element elementor-element-5317a5bb elementor-section-boxed elementor-section-height-default elementor-section-height-default wpr-particle-no wpr-jarallax-no wpr-parallax-no wpr-sticky-section-no wpr-equal-height-no\" data-id=\"5317a5bb\" data-element_type=\"section\" data-e-type=\"section\">\n\t\t\t\t\t\t<div class=\"elementor-container elementor-column-gap-default\">\n\t\t\t\t\t<div class=\"elementor-column elementor-col-50 elementor-top-column elementor-element elementor-element-47f030fb\" data-id=\"47f030fb\" data-element_type=\"column\" data-e-type=\"column\">\n\t\t\t<div class=\"elementor-widget-wrap elementor-element-populated\">\n\t\t\t\t\t\t<div class=\"elementor-element elementor-element-2352b287 elementor-widget elementor-widget-heading\" data-id=\"2352b287\" data-element_type=\"widget\" data-e-type=\"widget\" data-widget_type=\"heading.default\">\n\t\t\t\t<div class=\"elementor-widget-container\">\n\t\t\t\t\t<h2 class=\"elementor-heading-title elementor-size-default\">Libre, Plural y Objetivo<\/h2>\t\t\t\t<\/div>\n\t\t\t\t<\/div>\n\t\t\t\t\t<\/div>\n\t\t<\/div>\n\t\t\t\t<div class=\"elementor-column elementor-col-50 elementor-top-column elementor-element elementor-element-7e190543\" data-id=\"7e190543\" data-element_type=\"column\" data-e-type=\"column\">\n\t\t\t<div class=\"elementor-widget-wrap elementor-element-populated\">\n\t\t\t\t\t\t<div class=\"elementor-element elementor-element-4ff4c4dc elementor-widget elementor-widget-text-editor\" data-id=\"4ff4c4dc\" data-element_type=\"widget\" data-e-type=\"widget\" data-widget_type=\"text-editor.default\">\n\t\t\t\t<div class=\"elementor-widget-container\">\n\t\t\t\t\t\t\t\t\t<p><b data-path-to-node=\"3\" data-index-in-node=\"0\">El Nuevo Gu\u00e1rico<\/b> no es solo un portal de noticias; es el latir de una tierra que se niega a detenerse. Nacemos en el coraz\u00f3n de Venezuela con un prop\u00f3sito claro: ser la voz de los que siembran, de los que emprenden y de cada ciudadano que, con su esfuerzo diario, construye la identidad de nuestro estado.<\/p>\t\t\t\t\t\t\t\t<\/div>\n\t\t\t\t<\/div>\n\t\t\t\t<div class=\"elementor-element elementor-element-33a47f61 elementor-widget elementor-widget-text-editor\" data-id=\"33a47f61\" data-element_type=\"widget\" data-e-type=\"widget\" data-widget_type=\"text-editor.default\">\n\t\t\t\t<div class=\"elementor-widget-container\">\n\t\t\t\t\t\t\t\t\t<p>En un mundo saturado de informaci\u00f3n, nosotros elegimos el camino del compromiso. Creemos que el periodismo es una herramienta de transformaci\u00f3n social, y por eso, nuestra labor va m\u00e1s all\u00e1 de reportar un suceso; nos dedicamos a contar la historia de superaci\u00f3n que hay detr\u00e1s de cada guarique\u00f1o. Desde las cimas de los Morros de San Juan hasta la inmensidad de nuestros esteros, estamos presentes donde la noticia nace, con la responsabilidad de informar con la verdad y la pasi\u00f3n de quien ama su regi\u00f3n.<\/p>\t\t\t\t\t\t\t\t<\/div>\n\t\t\t\t<\/div>\n\t\t\t\t\t<\/div>\n\t\t<\/div>\n\t\t\t\t\t<\/div>\n\t\t<\/section>\n\t\t\t\t<section class=\"elementor-section elementor-top-section elementor-element elementor-element-5372e429 elementor-section-boxed elementor-section-height-default elementor-section-height-default wpr-particle-no wpr-jarallax-no wpr-parallax-no wpr-sticky-section-no wpr-equal-height-no\" data-id=\"5372e429\" data-element_type=\"section\" data-e-type=\"section\">\n\t\t\t\t\t\t<div class=\"elementor-container elementor-column-gap-default\">\n\t\t\t\t\t<div class=\"elementor-column elementor-col-100 elementor-top-column elementor-element elementor-element-2c6f2979\" data-id=\"2c6f2979\" data-element_type=\"column\" data-e-type=\"column\">\n\t\t\t<div class=\"elementor-widget-wrap elementor-element-populated\">\n\t\t\t\t\t\t<div class=\"elementor-element elementor-element-4b7e9ace elementor-widget elementor-widget-heading\" data-id=\"4b7e9ace\" data-element_type=\"widget\" data-e-type=\"widget\" data-widget_type=\"heading.default\">\n\t\t\t\t<div class=\"elementor-widget-container\">\n\t\t\t\t\t<h2 class=\"elementor-heading-title elementor-size-default\">\"El coraz\u00f3n de Venezuela en una sola ventana\"<\/h2>\t\t\t\t<\/div>\n\t\t\t\t<\/div>\n\t\t\t\t<div class=\"elementor-element elementor-element-72047862 elementor-widget elementor-widget-image\" data-id=\"72047862\" data-element_type=\"widget\" data-e-type=\"widget\" data-widget_type=\"image.default\">\n\t\t\t\t<div class=\"elementor-widget-container\">\n\t\t\t\t\t\t\t\t\t\t\t\t\t\t\t<img fetchpriority=\"high\" decoding=\"async\" width=\"1920\" height=\"1272\" src=\"https:\/\/nuevoguarico.com\/wp-content\/uploads\/2026\/05\/journalism-1920-x-1272-wallpaper-d5v69qxw97kah0jj.jpg\" class=\"attachment-full size-full wp-image-7995\" alt=\"\" srcset=\"https:\/\/nuevoguarico.com\/wp-content\/uploads\/2026\/05\/journalism-1920-x-1272-wallpaper-d5v69qxw97kah0jj.jpg 1920w, https:\/\/nuevoguarico.com\/wp-content\/uploads\/2026\/05\/journalism-1920-x-1272-wallpaper-d5v69qxw97kah0jj-300x199.jpg 300w, https:\/\/nuevoguarico.com\/wp-content\/uploads\/2026\/05\/journalism-1920-x-1272-wallpaper-d5v69qxw97kah0jj-1024x678.jpg 1024w, https:\/\/nuevoguarico.com\/wp-content\/uploads\/2026\/05\/journalism-1920-x-1272-wallpaper-d5v69qxw97kah0jj-768x509.jpg 768w, https:\/\/nuevoguarico.com\/wp-content\/uploads\/2026\/05\/journalism-1920-x-1272-wallpaper-d5v69qxw97kah0jj-1536x1018.jpg 1536w\" sizes=\"(max-width: 1920px) 100vw, 1920px\" \/>\t\t\t\t\t\t\t\t\t\t\t\t\t\t\t<\/div>\n\t\t\t\t<\/div>\n\t\t\t\t<section class=\"elementor-section elementor-inner-section elementor-element elementor-element-2add3dd5 elementor-section-boxed elementor-section-height-default elementor-section-height-default wpr-particle-no wpr-jarallax-no wpr-parallax-no wpr-sticky-section-no wpr-equal-height-no\" data-id=\"2add3dd5\" data-element_type=\"section\" data-e-type=\"section\">\n\t\t\t\t\t\t<div class=\"elementor-container elementor-column-gap-default\">\n\t\t\t\t\t<div class=\"elementor-column elementor-col-33 elementor-inner-column elementor-element elementor-element-55bfe359\" data-id=\"55bfe359\" data-element_type=\"column\" data-e-type=\"column\">\n\t\t\t<div class=\"elementor-widget-wrap elementor-element-populated\">\n\t\t\t\t\t\t<div class=\"elementor-element elementor-element-22d404fc elementor-widget elementor-widget-heading\" data-id=\"22d404fc\" data-element_type=\"widget\" data-e-type=\"widget\" data-widget_type=\"heading.default\">\n\t\t\t\t<div class=\"elementor-widget-container\">\n\t\t\t\t\t<h2 class=\"elementor-heading-title elementor-size-default\">Mission<\/h2>\t\t\t\t<\/div>\n\t\t\t\t<\/div>\n\t\t\t\t<div class=\"elementor-element elementor-element-7f6a414 elementor-widget-divider--view-line elementor-widget elementor-widget-divider\" data-id=\"7f6a414\" data-element_type=\"widget\" data-e-type=\"widget\" data-widget_type=\"divider.default\">\n\t\t\t\t<div class=\"elementor-widget-container\">\n\t\t\t\t\t\t\t<div class=\"elementor-divider\">\n\t\t\t<span class=\"elementor-divider-separator\">\n\t\t\t\t\t\t<\/span>\n\t\t<\/div>\n\t\t\t\t\t\t<\/div>\n\t\t\t\t<\/div>\n\t\t\t\t<div class=\"elementor-element elementor-element-5627621 elementor-widget elementor-widget-text-editor\" data-id=\"5627621\" data-element_type=\"widget\" data-e-type=\"widget\" data-widget_type=\"text-editor.default\">\n\t\t\t\t<div class=\"elementor-widget-container\">\n\t\t\t\t\t\t\t\t\t<p>Informar con veracidad, equilibrio e inmediatez sobre el acontecer del estado Gu\u00e1rico y sus adyacencias, utilizando plataformas digitales de vanguardia para conectar a nuestra gente con la realidad local, nacional y global. Nos dedicamos a ser un espacio de expresi\u00f3n para las comunidades, impulsando el desarrollo social y econ\u00f3mico a trav\u00e9s de un periodismo \u00e9tico que promueve la identidad llanera y el bienestar com\u00fan.<\/p>\t\t\t\t\t\t\t\t<\/div>\n\t\t\t\t<\/div>\n\t\t\t\t\t<\/div>\n\t\t<\/div>\n\t\t\t\t<div class=\"elementor-column elementor-col-33 elementor-inner-column elementor-element elementor-element-1d3a2d9f\" data-id=\"1d3a2d9f\" data-element_type=\"column\" data-e-type=\"column\">\n\t\t\t<div class=\"elementor-widget-wrap elementor-element-populated\">\n\t\t\t\t\t\t<div class=\"elementor-element elementor-element-7dcf0b93 elementor-widget elementor-widget-heading\" data-id=\"7dcf0b93\" data-element_type=\"widget\" data-e-type=\"widget\" data-widget_type=\"heading.default\">\n\t\t\t\t<div class=\"elementor-widget-container\">\n\t\t\t\t\t<h2 class=\"elementor-heading-title elementor-size-default\">Vision<\/h2>\t\t\t\t<\/div>\n\t\t\t\t<\/div>\n\t\t\t\t<div class=\"elementor-element elementor-element-4cb0ba88 elementor-widget-divider--view-line elementor-widget elementor-widget-divider\" data-id=\"4cb0ba88\" data-element_type=\"widget\" data-e-type=\"widget\" data-widget_type=\"divider.default\">\n\t\t\t\t<div class=\"elementor-widget-container\">\n\t\t\t\t\t\t\t<div class=\"elementor-divider\">\n\t\t\t<span class=\"elementor-divider-separator\">\n\t\t\t\t\t\t<\/span>\n\t\t<\/div>\n\t\t\t\t\t\t<\/div>\n\t\t\t\t<\/div>\n\t\t\t\t<div class=\"elementor-element elementor-element-2994769 elementor-widget elementor-widget-text-editor\" data-id=\"2994769\" data-element_type=\"widget\" data-e-type=\"widget\" data-widget_type=\"text-editor.default\">\n\t\t\t\t<div class=\"elementor-widget-container\">\n\t\t\t\t\t\t\t\t\t<p>Consolidarnos para el a\u00f1o 2028 como el ecosistema de medios digitales l\u00edder en el centro del pa\u00eds, siendo la referencia informativa obligada por nuestra innovaci\u00f3n tecnol\u00f3gica, calidad multimedia y credibilidad. Aspiramos a transformar la comunicaci\u00f3n en la regi\u00f3n, creando puentes s\u00f3lidos entre los ciudadanos, las instituciones y el sector productivo para proyectar a Gu\u00e1rico como un estado de progreso.<\/p>\t\t\t\t\t\t\t\t<\/div>\n\t\t\t\t<\/div>\n\t\t\t\t\t<\/div>\n\t\t<\/div>\n\t\t\t\t<div class=\"elementor-column elementor-col-33 elementor-inner-column elementor-element elementor-element-6d1460fe\" data-id=\"6d1460fe\" data-element_type=\"column\" data-e-type=\"column\">\n\t\t\t<div class=\"elementor-widget-wrap elementor-element-populated\">\n\t\t\t\t\t\t<div class=\"elementor-element elementor-element-787238bd elementor-widget elementor-widget-heading\" data-id=\"787238bd\" data-element_type=\"widget\" data-e-type=\"widget\" data-widget_type=\"heading.default\">\n\t\t\t\t<div class=\"elementor-widget-container\">\n\t\t\t\t\t<h2 class=\"elementor-heading-title elementor-size-default\">Values<\/h2>\t\t\t\t<\/div>\n\t\t\t\t<\/div>\n\t\t\t\t<div class=\"elementor-element elementor-element-34257111 elementor-widget-divider--view-line elementor-widget elementor-widget-divider\" data-id=\"34257111\" data-element_type=\"widget\" data-e-type=\"widget\" data-widget_type=\"divider.default\">\n\t\t\t\t<div class=\"elementor-widget-container\">\n\t\t\t\t\t\t\t<div class=\"elementor-divider\">\n\t\t\t<span class=\"elementor-divider-separator\">\n\t\t\t\t\t\t<\/span>\n\t\t<\/div>\n\t\t\t\t\t\t<\/div>\n\t\t\t\t<\/div>\n\t\t\t\t<div class=\"elementor-element elementor-element-e177642 elementor-widget elementor-widget-text-editor\" data-id=\"e177642\" data-element_type=\"widget\" data-e-type=\"widget\" data-widget_type=\"text-editor.default\">\n\t\t\t\t<div class=\"elementor-widget-container\">\n\t\t\t\t\t\t\t\t\t<p data-path-to-node=\"9\">Nuestros valores son los pilares que sostienen cada noticia y cada interacci\u00f3n con nuestra audiencia:<\/p><ul data-path-to-node=\"10\"><li><p data-path-to-node=\"10,0,0\"><b data-path-to-node=\"10,0,0\" data-index-in-node=\"0\">Veracidad:<\/b> Nuestro compromiso innegociable es con la verdad. Investigamos y confirmamos antes de publicar.<\/p><\/li><li><p data-path-to-node=\"10,1,0\"><b data-path-to-node=\"10,1,0\" data-index-in-node=\"0\">Inmediatez:<\/b> Entendemos el ritmo del mundo digital; estamos donde ocurre la noticia, en el momento en que ocurre.<\/p><\/li><\/ul>\t\t\t\t\t\t\t\t<\/div>\n\t\t\t\t<\/div>\n\t\t\t\t\t<\/div>\n\t\t<\/div>\n\t\t\t\t\t<\/div>\n\t\t<\/section>\n\t\t\t\t\t<\/div>\n\t\t<\/div>\n\t\t\t\t\t<\/div>\n\t\t<\/section>\n\t\t\t\t<\/div>\n\t\t","protected":false},"excerpt":{"rendered":"<p>\u00bfQuienes Somos Libre, Plural y Objetivo El Nuevo Gu\u00e1rico no es solo un portal de noticias; es el latir de una tierra que se niega a detenerse. Nacemos en el coraz\u00f3n de Venezuela con un prop\u00f3sito claro: ser la voz&#8230;<\/p>\n","protected":false},"author":3,"featured_media":0,"parent":0,"menu_order":0,"comment_status":"closed","ping_status":"closed","template":"","meta":{"footnotes":""},"class_list":["post-7947","page","type-page","status-publish","hentry"],"yoast_head":"<!-- This site is optimized with the Yoast SEO plugin v27.5 - https:\/\/yoast.com\/product\/yoast-seo-wordpress\/ -->\n<title>\u00bfQuienes Somos? - El Nuevo Gu\u00e1rico<\/title>\n<meta name=\"robots\" content=\"index, follow, max-snippet:-1, max-image-preview:large, max-video-preview:-1\" \/>\n<link rel=\"canonical\" href=\"https:\/\/nuevoguarico.com\/?page_id=7947\" \/>\n<meta property=\"og:locale\" content=\"es_ES\" \/>\n<meta property=\"og:type\" content=\"article\" \/>\n<meta property=\"og:title\" content=\"\u00bfQuienes Somos? - El Nuevo Gu\u00e1rico\" \/>\n<meta property=\"og:description\" content=\"\u00bfQuienes Somos Libre, Plural y Objetivo El Nuevo Gu\u00e1rico no es solo un portal de noticias; es el latir de una tierra que se niega a detenerse. Nacemos en el coraz\u00f3n de Venezuela con un prop\u00f3sito claro: ser la voz...\" \/>\n<meta property=\"og:url\" content=\"https:\/\/nuevoguarico.com\/?page_id=7947\" \/>\n<meta property=\"og:site_name\" content=\"El Nuevo Gu\u00e1rico\" \/>\n<meta property=\"article:modified_time\" content=\"2026-05-06T04:04:28+00:00\" \/>\n<meta property=\"og:image\" content=\"https:\/\/nuevoguarico.com\/wp-content\/uploads\/2026\/05\/journalism-1920-x-1272-wallpaper-d5v69qxw97kah0jj.jpg\" \/>\n\t<meta property=\"og:image:width\" content=\"1920\" \/>\n\t<meta property=\"og:image:height\" content=\"1272\" \/>\n\t<meta property=\"og:image:type\" content=\"image\/jpeg\" \/>\n<meta name=\"twitter:card\" content=\"summary_large_image\" \/>\n<meta name=\"twitter:label1\" content=\"Tiempo estimado de lectura\" \/>\n\t<meta name=\"twitter:data1\" content=\"2 minutos\" \/>\n<script type=\"application\/ld+json\" class=\"yoast-schema-graph\">{\"@context\":\"https:\\\/\\\/schema.org\",\"@graph\":[{\"@type\":\"WebPage\",\"@id\":\"https:\\\/\\\/nuevoguarico.com\\\/?page_id=7947\",\"url\":\"https:\\\/\\\/nuevoguarico.com\\\/?page_id=7947\",\"name\":\"\u00bfQuienes Somos? - El Nuevo Gu\u00e1rico\",\"isPartOf\":{\"@id\":\"https:\\\/\\\/nuevoguarico.com\\\/#website\"},\"primaryImageOfPage\":{\"@id\":\"https:\\\/\\\/nuevoguarico.com\\\/?page_id=7947#primaryimage\"},\"image\":{\"@id\":\"https:\\\/\\\/nuevoguarico.com\\\/?page_id=7947#primaryimage\"},\"thumbnailUrl\":\"https:\\\/\\\/nuevoguarico.com\\\/wp-content\\\/uploads\\\/2026\\\/05\\\/journalism-1920-x-1272-wallpaper-d5v69qxw97kah0jj.jpg\",\"datePublished\":\"2026-05-06T02:07:45+00:00\",\"dateModified\":\"2026-05-06T04:04:28+00:00\",\"breadcrumb\":{\"@id\":\"https:\\\/\\\/nuevoguarico.com\\\/?page_id=7947#breadcrumb\"},\"inLanguage\":\"es\",\"potentialAction\":[{\"@type\":\"ReadAction\",\"target\":[\"https:\\\/\\\/nuevoguarico.com\\\/?page_id=7947\"]}]},{\"@type\":\"ImageObject\",\"inLanguage\":\"es\",\"@id\":\"https:\\\/\\\/nuevoguarico.com\\\/?page_id=7947#primaryimage\",\"url\":\"https:\\\/\\\/nuevoguarico.com\\\/wp-content\\\/uploads\\\/2026\\\/05\\\/journalism-1920-x-1272-wallpaper-d5v69qxw97kah0jj.jpg\",\"contentUrl\":\"https:\\\/\\\/nuevoguarico.com\\\/wp-content\\\/uploads\\\/2026\\\/05\\\/journalism-1920-x-1272-wallpaper-d5v69qxw97kah0jj.jpg\",\"width\":1920,\"height\":1272},{\"@type\":\"BreadcrumbList\",\"@id\":\"https:\\\/\\\/nuevoguarico.com\\\/?page_id=7947#breadcrumb\",\"itemListElement\":[{\"@type\":\"ListItem\",\"position\":1,\"name\":\"Portada\",\"item\":\"https:\\\/\\\/nuevoguarico.com\\\/\"},{\"@type\":\"ListItem\",\"position\":2,\"name\":\"\u00bfQuienes Somos?\"}]},{\"@type\":\"WebSite\",\"@id\":\"https:\\\/\\\/nuevoguarico.com\\\/#website\",\"url\":\"https:\\\/\\\/nuevoguarico.com\\\/\",\"name\":\"El Nuevo Gu\u00e1rico\",\"description\":\"Libre y Objetivo\",\"publisher\":{\"@id\":\"https:\\\/\\\/nuevoguarico.com\\\/#organization\"},\"potentialAction\":[{\"@type\":\"SearchAction\",\"target\":{\"@type\":\"EntryPoint\",\"urlTemplate\":\"https:\\\/\\\/nuevoguarico.com\\\/?s={search_term_string}\"},\"query-input\":{\"@type\":\"PropertyValueSpecification\",\"valueRequired\":true,\"valueName\":\"search_term_string\"}}],\"inLanguage\":\"es\"},{\"@type\":\"Organization\",\"@id\":\"https:\\\/\\\/nuevoguarico.com\\\/#organization\",\"name\":\"El Nuevo Gu\u00e1rico\",\"url\":\"https:\\\/\\\/nuevoguarico.com\\\/\",\"logo\":{\"@type\":\"ImageObject\",\"inLanguage\":\"es\",\"@id\":\"https:\\\/\\\/nuevoguarico.com\\\/#\\\/schema\\\/logo\\\/image\\\/\",\"url\":\"https:\\\/\\\/nuevoguarico.com\\\/wp-content\\\/uploads\\\/2026\\\/05\\\/cropped-Instagram-Post-Negocio-Barberia-Gris-Oscuro-Amarillo-11.png\",\"contentUrl\":\"https:\\\/\\\/nuevoguarico.com\\\/wp-content\\\/uploads\\\/2026\\\/05\\\/cropped-Instagram-Post-Negocio-Barberia-Gris-Oscuro-Amarillo-11.png\",\"width\":1080,\"height\":591,\"caption\":\"El Nuevo Gu\u00e1rico\"},\"image\":{\"@id\":\"https:\\\/\\\/nuevoguarico.com\\\/#\\\/schema\\\/logo\\\/image\\\/\"}}]}<\/script>\n<!-- \/ Yoast SEO plugin. -->","yoast_head_json":{"title":"\u00bfQuienes Somos? - El Nuevo Gu\u00e1rico","robots":{"index":"index","follow":"follow","max-snippet":"max-snippet:-1","max-image-preview":"max-image-preview:large","max-video-preview":"max-video-preview:-1"},"canonical":"https:\/\/nuevoguarico.com\/?page_id=7947","og_locale":"es_ES","og_type":"article","og_title":"\u00bfQuienes Somos? - El Nuevo Gu\u00e1rico","og_description":"\u00bfQuienes Somos Libre, Plural y Objetivo El Nuevo Gu\u00e1rico no es solo un portal de noticias; es el latir de una tierra que se niega a detenerse. Nacemos en el coraz\u00f3n de Venezuela con un prop\u00f3sito claro: ser la voz...","og_url":"https:\/\/nuevoguarico.com\/?page_id=7947","og_site_name":"El Nuevo Gu\u00e1rico","article_modified_time":"2026-05-06T04:04:28+00:00","og_image":[{"width":1920,"height":1272,"url":"https:\/\/nuevoguarico.com\/wp-content\/uploads\/2026\/05\/journalism-1920-x-1272-wallpaper-d5v69qxw97kah0jj.jpg","type":"image\/jpeg"}],"twitter_card":"summary_large_image","twitter_misc":{"Tiempo estimado de lectura":"2 minutos"},"schema":{"@context":"https:\/\/schema.org","@graph":[{"@type":"WebPage","@id":"https:\/\/nuevoguarico.com\/?page_id=7947","url":"https:\/\/nuevoguarico.com\/?page_id=7947","name":"\u00bfQuienes Somos? - El Nuevo Gu\u00e1rico","isPartOf":{"@id":"https:\/\/nuevoguarico.com\/#website"},"primaryImageOfPage":{"@id":"https:\/\/nuevoguarico.com\/?page_id=7947#primaryimage"},"image":{"@id":"https:\/\/nuevoguarico.com\/?page_id=7947#primaryimage"},"thumbnailUrl":"https:\/\/nuevoguarico.com\/wp-content\/uploads\/2026\/05\/journalism-1920-x-1272-wallpaper-d5v69qxw97kah0jj.jpg","datePublished":"2026-05-06T02:07:45+00:00","dateModified":"2026-05-06T04:04:28+00:00","breadcrumb":{"@id":"https:\/\/nuevoguarico.com\/?page_id=7947#breadcrumb"},"inLanguage":"es","potentialAction":[{"@type":"ReadAction","target":["https:\/\/nuevoguarico.com\/?page_id=7947"]}]},{"@type":"ImageObject","inLanguage":"es","@id":"https:\/\/nuevoguarico.com\/?page_id=7947#primaryimage","url":"https:\/\/nuevoguarico.com\/wp-content\/uploads\/2026\/05\/journalism-1920-x-1272-wallpaper-d5v69qxw97kah0jj.jpg","contentUrl":"https:\/\/nuevoguarico.com\/wp-content\/uploads\/2026\/05\/journalism-1920-x-1272-wallpaper-d5v69qxw97kah0jj.jpg","width":1920,"height":1272},{"@type":"BreadcrumbList","@id":"https:\/\/nuevoguarico.com\/?page_id=7947#breadcrumb","itemListElement":[{"@type":"ListItem","position":1,"name":"Portada","item":"https:\/\/nuevoguarico.com\/"},{"@type":"ListItem","position":2,"name":"\u00bfQuienes Somos?"}]},{"@type":"WebSite","@id":"https:\/\/nuevoguarico.com\/#website","url":"https:\/\/nuevoguarico.com\/","name":"El Nuevo Gu\u00e1rico","description":"Libre y Objetivo","publisher":{"@id":"https:\/\/nuevoguarico.com\/#organization"},"potentialAction":[{"@type":"SearchAction","target":{"@type":"EntryPoint","urlTemplate":"https:\/\/nuevoguarico.com\/?s={search_term_string}"},"query-input":{"@type":"PropertyValueSpecification","valueRequired":true,"valueName":"search_term_string"}}],"inLanguage":"es"},{"@type":"Organization","@id":"https:\/\/nuevoguarico.com\/#organization","name":"El Nuevo Gu\u00e1rico","url":"https:\/\/nuevoguarico.com\/","logo":{"@type":"ImageObject","inLanguage":"es","@id":"https:\/\/nuevoguarico.com\/#\/schema\/logo\/image\/","url":"https:\/\/nuevoguarico.com\/wp-content\/uploads\/2026\/05\/cropped-Instagram-Post-Negocio-Barberia-Gris-Oscuro-Amarillo-11.png","contentUrl":"https:\/\/nuevoguarico.com\/wp-content\/uploads\/2026\/05\/cropped-Instagram-Post-Negocio-Barberia-Gris-Oscuro-Amarillo-11.png","width":1080,"height":591,"caption":"El Nuevo Gu\u00e1rico"},"image":{"@id":"https:\/\/nuevoguarico.com\/#\/schema\/logo\/image\/"}}]}},"_links":{"self":[{"href":"https:\/\/nuevoguarico.com\/index.php?rest_route=\/wp\/v2\/pages\/7947","targetHints":{"allow":["GET"]}}],"collection":[{"href":"https:\/\/nuevoguarico.com\/index.php?rest_route=\/wp\/v2\/pages"}],"about":[{"href":"https:\/\/nuevoguarico.com\/index.php?rest_route=\/wp\/v2\/types\/page"}],"author":[{"embeddable":true,"href":"https:\/\/nuevoguarico.com\/index.php?rest_route=\/wp\/v2\/users\/3"}],"replies":[{"embeddable":true,"href":"https:\/\/nuevoguarico.com\/index.php?rest_route=%2Fwp%2Fv2%2Fcomments&post=7947"}],"version-history":[{"count":13,"href":"https:\/\/nuevoguarico.com\/index.php?rest_route=\/wp\/v2\/pages\/7947\/revisions"}],"predecessor-version":[{"id":8023,"href":"https:\/\/nuevoguarico.com\/index.php?rest_route=\/wp\/v2\/pages\/7947\/revisions\/8023"}],"wp:attachment":[{"href":"https:\/\/nuevoguarico.com\/index.php?rest_route=%2Fwp%2Fv2%2Fmedia&parent=7947"}],"curies":[{"name":"wp","href":"https:\/\/api.w.org\/{rel}","templated":true}]}}