{"id":7934,"date":"2026-05-05T21:42:40","date_gmt":"2026-05-06T01:42:40","guid":{"rendered":"https:\/\/nuevoguarico.com\/?page_id=7934"},"modified":"2026-05-05T23:23:12","modified_gmt":"2026-05-06T03:23:12","slug":"anuncia-con-nosotros","status":"publish","type":"page","link":"https:\/\/nuevoguarico.com\/?page_id=7934","title":{"rendered":"Anuncia con Nosotros"},"content":{"rendered":"\t\t<div data-elementor-type=\"wp-page\" data-elementor-id=\"7934\" class=\"elementor elementor-7934\" data-elementor-post-type=\"page\">\n\t\t\t\t\t\t<section class=\"elementor-section elementor-top-section elementor-element elementor-element-18d2bd2f0 elementor-section-boxed elementor-section-height-default elementor-section-height-default wpr-particle-no wpr-jarallax-no wpr-parallax-no wpr-sticky-section-no wpr-equal-height-no\" data-id=\"18d2bd2f0\" data-element_type=\"section\" data-e-type=\"section\" data-settings=\"{&quot;background_background&quot;:&quot;classic&quot;}\">\n\t\t\t\t\t\t\t<div class=\"elementor-background-overlay\"><\/div>\n\t\t\t\t\t\t\t<div class=\"elementor-container elementor-column-gap-default\">\n\t\t\t\t\t<div class=\"elementor-column elementor-col-100 elementor-top-column elementor-element elementor-element-3a4514c5\" data-id=\"3a4514c5\" data-element_type=\"column\" data-e-type=\"column\">\n\t\t\t<div class=\"elementor-widget-wrap elementor-element-populated\">\n\t\t\t\t\t\t<div class=\"elementor-element elementor-element-780262dd elementor-widget elementor-widget-heading\" data-id=\"780262dd\" data-element_type=\"widget\" data-e-type=\"widget\" data-widget_type=\"heading.default\">\n\t\t\t\t<div class=\"elementor-widget-container\">\n\t\t\t\t\t<h2 class=\"elementor-heading-title elementor-size-default\">Anuncia con Nosotros<\/h2>\t\t\t\t<\/div>\n\t\t\t\t<\/div>\n\t\t\t\t\t<\/div>\n\t\t<\/div>\n\t\t\t\t\t<\/div>\n\t\t<\/section>\n\t\t\t\t<section class=\"elementor-section elementor-top-section elementor-element elementor-element-118e6b9 elementor-section-boxed elementor-section-height-default elementor-section-height-default wpr-particle-no wpr-jarallax-no wpr-parallax-no wpr-sticky-section-no wpr-equal-height-no\" data-id=\"118e6b9\" data-element_type=\"section\" data-e-type=\"section\">\n\t\t\t\t\t\t<div class=\"elementor-container elementor-column-gap-wide\">\n\t\t\t\t\t<div class=\"elementor-column elementor-col-50 elementor-top-column elementor-element elementor-element-72529bf4\" data-id=\"72529bf4\" data-element_type=\"column\" data-e-type=\"column\">\n\t\t\t<div class=\"elementor-widget-wrap elementor-element-populated\">\n\t\t\t\t\t\t<div class=\"elementor-element elementor-element-782a517c elementor-widget elementor-widget-image\" data-id=\"782a517c\" data-element_type=\"widget\" data-e-type=\"widget\" data-widget_type=\"image.default\">\n\t\t\t\t<div class=\"elementor-widget-container\">\n\t\t\t\t\t\t\t\t\t\t\t\t\t\t\t<img fetchpriority=\"high\" decoding=\"async\" width=\"2048\" height=\"1536\" src=\"https:\/\/nuevoguarico.com\/wp-content\/uploads\/2026\/05\/periodismo-1.jpg\" class=\"attachment-full size-full wp-image-7996\" alt=\"\" srcset=\"https:\/\/nuevoguarico.com\/wp-content\/uploads\/2026\/05\/periodismo-1.jpg 2048w, https:\/\/nuevoguarico.com\/wp-content\/uploads\/2026\/05\/periodismo-1-300x225.jpg 300w, https:\/\/nuevoguarico.com\/wp-content\/uploads\/2026\/05\/periodismo-1-1024x768.jpg 1024w, https:\/\/nuevoguarico.com\/wp-content\/uploads\/2026\/05\/periodismo-1-768x576.jpg 768w, https:\/\/nuevoguarico.com\/wp-content\/uploads\/2026\/05\/periodismo-1-1536x1152.jpg 1536w\" sizes=\"(max-width: 2048px) 100vw, 2048px\" \/>\t\t\t\t\t\t\t\t\t\t\t\t\t\t\t<\/div>\n\t\t\t\t<\/div>\n\t\t\t\t\t<\/div>\n\t\t<\/div>\n\t\t\t\t<div class=\"elementor-column elementor-col-50 elementor-top-column elementor-element elementor-element-42350d1f\" data-id=\"42350d1f\" data-element_type=\"column\" data-e-type=\"column\">\n\t\t\t<div class=\"elementor-widget-wrap elementor-element-populated\">\n\t\t\t\t\t\t<div class=\"elementor-element elementor-element-78a87640 elementor-widget elementor-widget-heading\" data-id=\"78a87640\" data-element_type=\"widget\" data-e-type=\"widget\" data-widget_type=\"heading.default\">\n\t\t\t\t<div class=\"elementor-widget-container\">\n\t\t\t\t\t<h2 class=\"elementor-heading-title elementor-size-default\">Paquete B\u00e1sico<\/h2>\t\t\t\t<\/div>\n\t\t\t\t<\/div>\n\t\t\t\t<div class=\"elementor-element elementor-element-504c67ab elementor-widget elementor-widget-text-editor\" data-id=\"504c67ab\" data-element_type=\"widget\" data-e-type=\"widget\" data-widget_type=\"text-editor.default\">\n\t\t\t\t<div class=\"elementor-widget-container\">\n\t\t\t\t\t\t\t\t\t<p data-path-to-node=\"4\"><i data-path-to-node=\"4\" data-index-in-node=\"0\">Ideal para emprendimientos locales o profesionales independientes que buscan presencia digital.<\/i><\/p><ul data-path-to-node=\"5\"><li><p data-path-to-node=\"5,0,0\"><b data-path-to-node=\"5,0,0\" data-index-in-node=\"0\">Sitio Web:<\/b> 1 menci\u00f3n tipo \u00abcintillo\u00bb en una noticia destacada de la semana.<\/p><\/li><li><p data-path-to-node=\"5,1,0\"><b data-path-to-node=\"5,1,0\" data-index-in-node=\"0\">Instagram\/Facebook:<\/b> 2 Historias (Stories) con enlace directo al cliente.<\/p><\/li><li><p data-path-to-node=\"5,2,0\"><b data-path-to-node=\"5,2,0\" data-index-in-node=\"0\">WhatsApp:<\/b> Difusi\u00f3n en los grupos de noticias oficiales de <i data-path-to-node=\"5,2,0\" data-index-in-node=\"58\">El Nuevo Gu\u00e1rico<\/i>.<\/p><\/li><li><p data-path-to-node=\"5,3,0\"><b data-path-to-node=\"5,3,0\" data-index-in-node=\"0\">Vigencia:<\/b> 7 d\u00edas.<\/p><\/li><li><p data-path-to-node=\"5,4,0\"><b data-path-to-node=\"5,4,0\" data-index-in-node=\"0\">Bonus:<\/b> Dise\u00f1o b\u00e1sico del arte publicitario.<\/p><\/li><\/ul>\t\t\t\t\t\t\t\t<\/div>\n\t\t\t\t<\/div>\n\t\t\t\t<div class=\"elementor-element elementor-element-660ae418 wpr-button-icon-style-inline wpr-button-icon-position-right elementor-widget elementor-widget-wpr-button\" data-id=\"660ae418\" data-element_type=\"widget\" data-e-type=\"widget\" data-widget_type=\"wpr-button.default\">\n\t\t\t\t<div class=\"elementor-widget-container\">\n\t\t\t\t\t\t\n\t\t\t\n\t\t\n\t\t<div class=\"wpr-button-wrap elementor-clearfix\">\n\t\t<a class=\"wpr-button wpr-button-effect wpr-button-none\" data-text=\"\" href=\"https:\/\/nuevoguarico.com\/?page_id=7950\">\n\t\t\t\n\t\t\t<span class=\"wpr-button-content\">\n\t\t\t\t\t\t\t\t\t<span class=\"wpr-button-text\">Cont\u00e1ctanos<\/span>\n\t\t\t\t\t\t\t\t\n\t\t\t\t\t\t\t<\/span>\n\t\t<\/a>\n\n\t\t\t\t<\/div>\n\t\n\t\n\t\t\t\t\t<\/div>\n\t\t\t\t<\/div>\n\t\t\t\t\t<\/div>\n\t\t<\/div>\n\t\t\t\t\t<\/div>\n\t\t<\/section>\n\t\t\t\t<section class=\"elementor-section elementor-top-section elementor-element elementor-element-7acc168d elementor-section-boxed elementor-section-height-default elementor-section-height-default wpr-particle-no wpr-jarallax-no wpr-parallax-no wpr-sticky-section-no wpr-equal-height-no\" data-id=\"7acc168d\" data-element_type=\"section\" data-e-type=\"section\">\n\t\t\t\t\t\t<div class=\"elementor-container elementor-column-gap-wide\">\n\t\t\t\t\t<div class=\"elementor-column elementor-col-50 elementor-top-column elementor-element elementor-element-59d0dbaa\" data-id=\"59d0dbaa\" data-element_type=\"column\" data-e-type=\"column\">\n\t\t\t<div class=\"elementor-widget-wrap elementor-element-populated\">\n\t\t\t\t\t\t<div class=\"elementor-element elementor-element-1ee0a2e9 elementor-widget elementor-widget-heading\" data-id=\"1ee0a2e9\" data-element_type=\"widget\" data-e-type=\"widget\" data-widget_type=\"heading.default\">\n\t\t\t\t<div class=\"elementor-widget-container\">\n\t\t\t\t\t<h2 class=\"elementor-heading-title elementor-size-default\">Paquete Intermedio<\/h2>\t\t\t\t<\/div>\n\t\t\t\t<\/div>\n\t\t\t\t<div class=\"elementor-element elementor-element-63e6e5e5 elementor-widget elementor-widget-text-editor\" data-id=\"63e6e5e5\" data-element_type=\"widget\" data-e-type=\"widget\" data-widget_type=\"text-editor.default\">\n\t\t\t\t<div class=\"elementor-widget-container\">\n\t\t\t\t\t\t\t\t\t<p data-path-to-node=\"8\"><i data-path-to-node=\"8\" data-index-in-node=\"0\">Dise\u00f1ado para empresas en crecimiento que quieren captar la atenci\u00f3n de todo el estado.<\/i><\/p><ul data-path-to-node=\"9\"><li><p data-path-to-node=\"9,0,0\"><b data-path-to-node=\"9,0,0\" data-index-in-node=\"0\">Sitio Web:<\/b> 1 Publinoticia (art\u00edculo patrocinado) que permanece en el archivo del portal + Banner lateral por 15 d\u00edas.<\/p><\/li><li><p data-path-to-node=\"9,1,0\"><b data-path-to-node=\"9,1,0\" data-index-in-node=\"0\">Instagram:<\/b> 1 Post en el Feed (imagen o video) + 4 Historias repartidas en dos semanas.<\/p><\/li><li><p data-path-to-node=\"9,2,0\"><b data-path-to-node=\"9,2,0\" data-index-in-node=\"0\">Facebook:<\/b> Post compartido desde la web con alcance segmentado.<\/p><\/li><li><p data-path-to-node=\"9,3,0\"><b data-path-to-node=\"9,3,0\" data-index-in-node=\"0\">X (Twitter):<\/b> 3 menciones directas en los reportes informativos diarios.<\/p><\/li><li><p data-path-to-node=\"9,4,0\"><b data-path-to-node=\"9,4,0\" data-index-in-node=\"0\">Vigencia:<\/b> 15 d\u00edas.<\/p><\/li><li><p data-path-to-node=\"9,5,0\"><b data-path-to-node=\"9,5,0\" data-index-in-node=\"0\">Bonus:<\/b> Entrevista breve (audio o texto) para la publinoticia.<\/p><\/li><\/ul>\t\t\t\t\t\t\t\t<\/div>\n\t\t\t\t<\/div>\n\t\t\t\t<div class=\"elementor-element elementor-element-235b224c wpr-button-icon-style-inline wpr-button-icon-position-right elementor-widget elementor-widget-wpr-button\" data-id=\"235b224c\" data-element_type=\"widget\" data-e-type=\"widget\" data-widget_type=\"wpr-button.default\">\n\t\t\t\t<div class=\"elementor-widget-container\">\n\t\t\t\t\t\t\n\t\t\t\n\t\t\n\t\t<div class=\"wpr-button-wrap elementor-clearfix\">\n\t\t<a class=\"wpr-button wpr-button-effect wpr-button-none\" data-text=\"\" href=\"https:\/\/nuevoguarico.com\/?page_id=7950\">\n\t\t\t\n\t\t\t<span class=\"wpr-button-content\">\n\t\t\t\t\t\t\t\t\t<span class=\"wpr-button-text\">Cont\u00e1ctanos<\/span>\n\t\t\t\t\t\t\t\t\n\t\t\t\t\t\t\t<\/span>\n\t\t<\/a>\n\n\t\t\t\t<\/div>\n\t\n\t\n\t\t\t\t\t<\/div>\n\t\t\t\t<\/div>\n\t\t\t\t\t<\/div>\n\t\t<\/div>\n\t\t\t\t<div class=\"elementor-column elementor-col-50 elementor-top-column elementor-element elementor-element-5de7267a\" data-id=\"5de7267a\" data-element_type=\"column\" data-e-type=\"column\">\n\t\t\t<div class=\"elementor-widget-wrap elementor-element-populated\">\n\t\t\t\t\t\t<div class=\"elementor-element elementor-element-1e8bf615 elementor-widget elementor-widget-image\" data-id=\"1e8bf615\" data-element_type=\"widget\" data-e-type=\"widget\" data-widget_type=\"image.default\">\n\t\t\t\t<div class=\"elementor-widget-container\">\n\t\t\t\t\t\t\t\t\t\t\t\t\t\t\t<img decoding=\"async\" width=\"1280\" height=\"853\" src=\"https:\/\/nuevoguarico.com\/wp-content\/uploads\/2026\/05\/journalism-1280-x-853-wallpaper-vujtp1shkal35lef.jpg\" class=\"attachment-full size-full wp-image-8003\" alt=\"\" srcset=\"https:\/\/nuevoguarico.com\/wp-content\/uploads\/2026\/05\/journalism-1280-x-853-wallpaper-vujtp1shkal35lef.jpg 1280w, https:\/\/nuevoguarico.com\/wp-content\/uploads\/2026\/05\/journalism-1280-x-853-wallpaper-vujtp1shkal35lef-300x200.jpg 300w, https:\/\/nuevoguarico.com\/wp-content\/uploads\/2026\/05\/journalism-1280-x-853-wallpaper-vujtp1shkal35lef-1024x682.jpg 1024w, https:\/\/nuevoguarico.com\/wp-content\/uploads\/2026\/05\/journalism-1280-x-853-wallpaper-vujtp1shkal35lef-768x512.jpg 768w\" sizes=\"(max-width: 1280px) 100vw, 1280px\" \/>\t\t\t\t\t\t\t\t\t\t\t\t\t\t\t<\/div>\n\t\t\t\t<\/div>\n\t\t\t\t\t<\/div>\n\t\t<\/div>\n\t\t\t\t\t<\/div>\n\t\t<\/section>\n\t\t\t\t<section class=\"elementor-section elementor-top-section elementor-element elementor-element-28e4daaf elementor-section-boxed elementor-section-height-default elementor-section-height-default wpr-particle-no wpr-jarallax-no wpr-parallax-no wpr-sticky-section-no wpr-equal-height-no\" data-id=\"28e4daaf\" data-element_type=\"section\" data-e-type=\"section\">\n\t\t\t\t\t\t<div class=\"elementor-container elementor-column-gap-wide\">\n\t\t\t\t\t<div class=\"elementor-column elementor-col-50 elementor-top-column elementor-element elementor-element-3f1843fd\" data-id=\"3f1843fd\" data-element_type=\"column\" data-e-type=\"column\">\n\t\t\t<div class=\"elementor-widget-wrap elementor-element-populated\">\n\t\t\t\t\t\t<div class=\"elementor-element elementor-element-6bd61926 elementor-widget elementor-widget-image\" data-id=\"6bd61926\" data-element_type=\"widget\" data-e-type=\"widget\" data-widget_type=\"image.default\">\n\t\t\t\t<div class=\"elementor-widget-container\">\n\t\t\t\t\t\t\t\t\t\t\t\t\t\t\t<img decoding=\"async\" width=\"1920\" height=\"1080\" src=\"https:\/\/nuevoguarico.com\/wp-content\/uploads\/2026\/05\/journalism-1920-x-1080-wallpaper-756swtsn9p763tdo.jpg\" class=\"attachment-full size-full wp-image-8004\" alt=\"\" srcset=\"https:\/\/nuevoguarico.com\/wp-content\/uploads\/2026\/05\/journalism-1920-x-1080-wallpaper-756swtsn9p763tdo.jpg 1920w, https:\/\/nuevoguarico.com\/wp-content\/uploads\/2026\/05\/journalism-1920-x-1080-wallpaper-756swtsn9p763tdo-300x169.jpg 300w, https:\/\/nuevoguarico.com\/wp-content\/uploads\/2026\/05\/journalism-1920-x-1080-wallpaper-756swtsn9p763tdo-1024x576.jpg 1024w, https:\/\/nuevoguarico.com\/wp-content\/uploads\/2026\/05\/journalism-1920-x-1080-wallpaper-756swtsn9p763tdo-768x432.jpg 768w, https:\/\/nuevoguarico.com\/wp-content\/uploads\/2026\/05\/journalism-1920-x-1080-wallpaper-756swtsn9p763tdo-1536x864.jpg 1536w\" sizes=\"(max-width: 1920px) 100vw, 1920px\" \/>\t\t\t\t\t\t\t\t\t\t\t\t\t\t\t<\/div>\n\t\t\t\t<\/div>\n\t\t\t\t\t<\/div>\n\t\t<\/div>\n\t\t\t\t<div class=\"elementor-column elementor-col-50 elementor-top-column elementor-element elementor-element-3b00d27e\" data-id=\"3b00d27e\" data-element_type=\"column\" data-e-type=\"column\">\n\t\t\t<div class=\"elementor-widget-wrap elementor-element-populated\">\n\t\t\t\t\t\t<div class=\"elementor-element elementor-element-69d08ed3 elementor-widget elementor-widget-heading\" data-id=\"69d08ed3\" data-element_type=\"widget\" data-e-type=\"widget\" data-widget_type=\"heading.default\">\n\t\t\t\t<div class=\"elementor-widget-container\">\n\t\t\t\t\t<h2 class=\"elementor-heading-title elementor-size-default\">Paquete Avanzado<\/h2>\t\t\t\t<\/div>\n\t\t\t\t<\/div>\n\t\t\t\t<div class=\"elementor-element elementor-element-9494e7f elementor-widget elementor-widget-text-editor\" data-id=\"9494e7f\" data-element_type=\"widget\" data-e-type=\"widget\" data-widget_type=\"text-editor.default\">\n\t\t\t\t<div class=\"elementor-widget-container\">\n\t\t\t\t\t\t\t\t\t<p data-path-to-node=\"12\"><i data-path-to-node=\"12\" data-index-in-node=\"0\">M\u00e1xima exposici\u00f3n y prestigio. Posiciona tu marca como referente en la regi\u00f3n.<\/i><\/p><ul data-path-to-node=\"13\"><li><p data-path-to-node=\"13,0,0\"><b data-path-to-node=\"13,0,0\" data-index-in-node=\"0\">Sitio Web:<\/b> Banner de cabecera (Header) permanente + 2 Publinoticias con optimizaci\u00f3n SEO para aparecer en Google.<\/p><\/li><li><p data-path-to-node=\"13,1,0\"><b data-path-to-node=\"13,1,0\" data-index-in-node=\"0\">Instagram:<\/b> 2 Reels colaborativos + 8 Historias con destacados.<\/p><\/li><li><p data-path-to-node=\"13,2,0\"><b data-path-to-node=\"13,2,0\" data-index-in-node=\"0\">Cobertura Especial:<\/b> Presencia de un reportero en el local\/evento del cliente para generar contenido \u00abin situ\u00bb.<\/p><\/li><li><p data-path-to-node=\"13,3,0\"><b data-path-to-node=\"13,3,0\" data-index-in-node=\"0\">Multiplataforma:<\/b> Menci\u00f3n de la marca como \u00abPatrocinante Oficial\u00bb en los boletines de noticias matutinos.<\/p><\/li><li><p data-path-to-node=\"13,4,0\"><b data-path-to-node=\"13,4,0\" data-index-in-node=\"0\">Vigencia:<\/b> 30 d\u00edas.<\/p><\/li><li><p data-path-to-node=\"13,5,0\"><b data-path-to-node=\"13,5,0\" data-index-in-node=\"0\">Bonus:<\/b> Reporte de m\u00e9tricas (alcance e impresiones) al finalizar el mes.<\/p><\/li><\/ul>\t\t\t\t\t\t\t\t<\/div>\n\t\t\t\t<\/div>\n\t\t\t\t<div class=\"elementor-element elementor-element-3d76c34d wpr-button-icon-style-inline wpr-button-icon-position-right elementor-widget elementor-widget-wpr-button\" data-id=\"3d76c34d\" data-element_type=\"widget\" data-e-type=\"widget\" data-widget_type=\"wpr-button.default\">\n\t\t\t\t<div class=\"elementor-widget-container\">\n\t\t\t\t\t\t\n\t\t\t\n\t\t\n\t\t<div class=\"wpr-button-wrap elementor-clearfix\">\n\t\t<a class=\"wpr-button wpr-button-effect wpr-button-none\" data-text=\"\" href=\"https:\/\/nuevoguarico.com\/?page_id=7950\">\n\t\t\t\n\t\t\t<span class=\"wpr-button-content\">\n\t\t\t\t\t\t\t\t\t<span class=\"wpr-button-text\">Cont\u00e1ctanos<\/span>\n\t\t\t\t\t\t\t\t\n\t\t\t\t\t\t\t<\/span>\n\t\t<\/a>\n\n\t\t\t\t<\/div>\n\t\n\t\n\t\t\t\t\t<\/div>\n\t\t\t\t<\/div>\n\t\t\t\t\t<\/div>\n\t\t<\/div>\n\t\t\t\t\t<\/div>\n\t\t<\/section>\n\t\t\t\t<\/div>\n\t\t","protected":false},"excerpt":{"rendered":"<p>Anuncia con Nosotros Paquete B\u00e1sico Ideal para emprendimientos locales o profesionales independientes que buscan presencia digital. Sitio Web: 1 menci\u00f3n tipo \u00abcintillo\u00bb en una noticia destacada de la semana. Instagram\/Facebook: 2 Historias (Stories) con enlace directo al cliente. WhatsApp: Difusi\u00f3n&#8230;<\/p>\n","protected":false},"author":3,"featured_media":0,"parent":0,"menu_order":0,"comment_status":"closed","ping_status":"closed","template":"","meta":{"footnotes":""},"class_list":["post-7934","page","type-page","status-publish","hentry"],"yoast_head":"<!-- This site is optimized with the Yoast SEO plugin v27.5 - https:\/\/yoast.com\/product\/yoast-seo-wordpress\/ -->\n<title>Anuncia con Nosotros - El Nuevo Gu\u00e1rico<\/title>\n<meta name=\"robots\" content=\"index, follow, max-snippet:-1, max-image-preview:large, max-video-preview:-1\" \/>\n<link rel=\"canonical\" href=\"https:\/\/nuevoguarico.com\/?page_id=7934\" \/>\n<meta property=\"og:locale\" content=\"es_ES\" \/>\n<meta property=\"og:type\" content=\"article\" \/>\n<meta property=\"og:title\" content=\"Anuncia con Nosotros - El Nuevo Gu\u00e1rico\" \/>\n<meta property=\"og:description\" content=\"Anuncia con Nosotros Paquete B\u00e1sico Ideal para emprendimientos locales o profesionales independientes que buscan presencia digital. Sitio Web: 1 menci\u00f3n tipo \u00abcintillo\u00bb en una noticia destacada de la semana. Instagram\/Facebook: 2 Historias (Stories) con enlace directo al cliente. WhatsApp: Difusi\u00f3n...\" \/>\n<meta property=\"og:url\" content=\"https:\/\/nuevoguarico.com\/?page_id=7934\" \/>\n<meta property=\"og:site_name\" content=\"El Nuevo Gu\u00e1rico\" \/>\n<meta property=\"article:modified_time\" content=\"2026-05-06T03:23:12+00:00\" \/>\n<meta property=\"og:image\" content=\"https:\/\/nuevoguarico.com\/wp-content\/uploads\/2026\/05\/periodismo-1.jpg\" \/>\n\t<meta property=\"og:image:width\" content=\"2048\" \/>\n\t<meta property=\"og:image:height\" content=\"1536\" \/>\n\t<meta property=\"og:image:type\" content=\"image\/jpeg\" \/>\n<meta name=\"twitter:card\" content=\"summary_large_image\" \/>\n<meta name=\"twitter:label1\" content=\"Tiempo estimado de lectura\" \/>\n\t<meta name=\"twitter:data1\" content=\"2 minutos\" \/>\n<script type=\"application\/ld+json\" class=\"yoast-schema-graph\">{\"@context\":\"https:\\\/\\\/schema.org\",\"@graph\":[{\"@type\":\"WebPage\",\"@id\":\"https:\\\/\\\/nuevoguarico.com\\\/?page_id=7934\",\"url\":\"https:\\\/\\\/nuevoguarico.com\\\/?page_id=7934\",\"name\":\"Anuncia con Nosotros - El Nuevo Gu\u00e1rico\",\"isPartOf\":{\"@id\":\"https:\\\/\\\/nuevoguarico.com\\\/#website\"},\"primaryImageOfPage\":{\"@id\":\"https:\\\/\\\/nuevoguarico.com\\\/?page_id=7934#primaryimage\"},\"image\":{\"@id\":\"https:\\\/\\\/nuevoguarico.com\\\/?page_id=7934#primaryimage\"},\"thumbnailUrl\":\"https:\\\/\\\/nuevoguarico.com\\\/wp-content\\\/uploads\\\/2026\\\/05\\\/periodismo-1.jpg\",\"datePublished\":\"2026-05-06T01:42:40+00:00\",\"dateModified\":\"2026-05-06T03:23:12+00:00\",\"breadcrumb\":{\"@id\":\"https:\\\/\\\/nuevoguarico.com\\\/?page_id=7934#breadcrumb\"},\"inLanguage\":\"es\",\"potentialAction\":[{\"@type\":\"ReadAction\",\"target\":[\"https:\\\/\\\/nuevoguarico.com\\\/?page_id=7934\"]}]},{\"@type\":\"ImageObject\",\"inLanguage\":\"es\",\"@id\":\"https:\\\/\\\/nuevoguarico.com\\\/?page_id=7934#primaryimage\",\"url\":\"https:\\\/\\\/nuevoguarico.com\\\/wp-content\\\/uploads\\\/2026\\\/05\\\/periodismo-1.jpg\",\"contentUrl\":\"https:\\\/\\\/nuevoguarico.com\\\/wp-content\\\/uploads\\\/2026\\\/05\\\/periodismo-1.jpg\",\"width\":2048,\"height\":1536},{\"@type\":\"BreadcrumbList\",\"@id\":\"https:\\\/\\\/nuevoguarico.com\\\/?page_id=7934#breadcrumb\",\"itemListElement\":[{\"@type\":\"ListItem\",\"position\":1,\"name\":\"Portada\",\"item\":\"https:\\\/\\\/nuevoguarico.com\\\/\"},{\"@type\":\"ListItem\",\"position\":2,\"name\":\"Anuncia con Nosotros\"}]},{\"@type\":\"WebSite\",\"@id\":\"https:\\\/\\\/nuevoguarico.com\\\/#website\",\"url\":\"https:\\\/\\\/nuevoguarico.com\\\/\",\"name\":\"El Nuevo Gu\u00e1rico\",\"description\":\"Libre y Objetivo\",\"publisher\":{\"@id\":\"https:\\\/\\\/nuevoguarico.com\\\/#organization\"},\"potentialAction\":[{\"@type\":\"SearchAction\",\"target\":{\"@type\":\"EntryPoint\",\"urlTemplate\":\"https:\\\/\\\/nuevoguarico.com\\\/?s={search_term_string}\"},\"query-input\":{\"@type\":\"PropertyValueSpecification\",\"valueRequired\":true,\"valueName\":\"search_term_string\"}}],\"inLanguage\":\"es\"},{\"@type\":\"Organization\",\"@id\":\"https:\\\/\\\/nuevoguarico.com\\\/#organization\",\"name\":\"El Nuevo Gu\u00e1rico\",\"url\":\"https:\\\/\\\/nuevoguarico.com\\\/\",\"logo\":{\"@type\":\"ImageObject\",\"inLanguage\":\"es\",\"@id\":\"https:\\\/\\\/nuevoguarico.com\\\/#\\\/schema\\\/logo\\\/image\\\/\",\"url\":\"https:\\\/\\\/nuevoguarico.com\\\/wp-content\\\/uploads\\\/2026\\\/05\\\/cropped-Instagram-Post-Negocio-Barberia-Gris-Oscuro-Amarillo-11.png\",\"contentUrl\":\"https:\\\/\\\/nuevoguarico.com\\\/wp-content\\\/uploads\\\/2026\\\/05\\\/cropped-Instagram-Post-Negocio-Barberia-Gris-Oscuro-Amarillo-11.png\",\"width\":1080,\"height\":591,\"caption\":\"El Nuevo Gu\u00e1rico\"},\"image\":{\"@id\":\"https:\\\/\\\/nuevoguarico.com\\\/#\\\/schema\\\/logo\\\/image\\\/\"}}]}<\/script>\n<!-- \/ Yoast SEO plugin. -->","yoast_head_json":{"title":"Anuncia con Nosotros - El Nuevo Gu\u00e1rico","robots":{"index":"index","follow":"follow","max-snippet":"max-snippet:-1","max-image-preview":"max-image-preview:large","max-video-preview":"max-video-preview:-1"},"canonical":"https:\/\/nuevoguarico.com\/?page_id=7934","og_locale":"es_ES","og_type":"article","og_title":"Anuncia con Nosotros - El Nuevo Gu\u00e1rico","og_description":"Anuncia con Nosotros Paquete B\u00e1sico Ideal para emprendimientos locales o profesionales independientes que buscan presencia digital. Sitio Web: 1 menci\u00f3n tipo \u00abcintillo\u00bb en una noticia destacada de la semana. Instagram\/Facebook: 2 Historias (Stories) con enlace directo al cliente. WhatsApp: Difusi\u00f3n...","og_url":"https:\/\/nuevoguarico.com\/?page_id=7934","og_site_name":"El Nuevo Gu\u00e1rico","article_modified_time":"2026-05-06T03:23:12+00:00","og_image":[{"width":2048,"height":1536,"url":"https:\/\/nuevoguarico.com\/wp-content\/uploads\/2026\/05\/periodismo-1.jpg","type":"image\/jpeg"}],"twitter_card":"summary_large_image","twitter_misc":{"Tiempo estimado de lectura":"2 minutos"},"schema":{"@context":"https:\/\/schema.org","@graph":[{"@type":"WebPage","@id":"https:\/\/nuevoguarico.com\/?page_id=7934","url":"https:\/\/nuevoguarico.com\/?page_id=7934","name":"Anuncia con Nosotros - El Nuevo Gu\u00e1rico","isPartOf":{"@id":"https:\/\/nuevoguarico.com\/#website"},"primaryImageOfPage":{"@id":"https:\/\/nuevoguarico.com\/?page_id=7934#primaryimage"},"image":{"@id":"https:\/\/nuevoguarico.com\/?page_id=7934#primaryimage"},"thumbnailUrl":"https:\/\/nuevoguarico.com\/wp-content\/uploads\/2026\/05\/periodismo-1.jpg","datePublished":"2026-05-06T01:42:40+00:00","dateModified":"2026-05-06T03:23:12+00:00","breadcrumb":{"@id":"https:\/\/nuevoguarico.com\/?page_id=7934#breadcrumb"},"inLanguage":"es","potentialAction":[{"@type":"ReadAction","target":["https:\/\/nuevoguarico.com\/?page_id=7934"]}]},{"@type":"ImageObject","inLanguage":"es","@id":"https:\/\/nuevoguarico.com\/?page_id=7934#primaryimage","url":"https:\/\/nuevoguarico.com\/wp-content\/uploads\/2026\/05\/periodismo-1.jpg","contentUrl":"https:\/\/nuevoguarico.com\/wp-content\/uploads\/2026\/05\/periodismo-1.jpg","width":2048,"height":1536},{"@type":"BreadcrumbList","@id":"https:\/\/nuevoguarico.com\/?page_id=7934#breadcrumb","itemListElement":[{"@type":"ListItem","position":1,"name":"Portada","item":"https:\/\/nuevoguarico.com\/"},{"@type":"ListItem","position":2,"name":"Anuncia con Nosotros"}]},{"@type":"WebSite","@id":"https:\/\/nuevoguarico.com\/#website","url":"https:\/\/nuevoguarico.com\/","name":"El Nuevo Gu\u00e1rico","description":"Libre y Objetivo","publisher":{"@id":"https:\/\/nuevoguarico.com\/#organization"},"potentialAction":[{"@type":"SearchAction","target":{"@type":"EntryPoint","urlTemplate":"https:\/\/nuevoguarico.com\/?s={search_term_string}"},"query-input":{"@type":"PropertyValueSpecification","valueRequired":true,"valueName":"search_term_string"}}],"inLanguage":"es"},{"@type":"Organization","@id":"https:\/\/nuevoguarico.com\/#organization","name":"El Nuevo Gu\u00e1rico","url":"https:\/\/nuevoguarico.com\/","logo":{"@type":"ImageObject","inLanguage":"es","@id":"https:\/\/nuevoguarico.com\/#\/schema\/logo\/image\/","url":"https:\/\/nuevoguarico.com\/wp-content\/uploads\/2026\/05\/cropped-Instagram-Post-Negocio-Barberia-Gris-Oscuro-Amarillo-11.png","contentUrl":"https:\/\/nuevoguarico.com\/wp-content\/uploads\/2026\/05\/cropped-Instagram-Post-Negocio-Barberia-Gris-Oscuro-Amarillo-11.png","width":1080,"height":591,"caption":"El Nuevo Gu\u00e1rico"},"image":{"@id":"https:\/\/nuevoguarico.com\/#\/schema\/logo\/image\/"}}]}},"_links":{"self":[{"href":"https:\/\/nuevoguarico.com\/index.php?rest_route=\/wp\/v2\/pages\/7934","targetHints":{"allow":["GET"]}}],"collection":[{"href":"https:\/\/nuevoguarico.com\/index.php?rest_route=\/wp\/v2\/pages"}],"about":[{"href":"https:\/\/nuevoguarico.com\/index.php?rest_route=\/wp\/v2\/types\/page"}],"author":[{"embeddable":true,"href":"https:\/\/nuevoguarico.com\/index.php?rest_route=\/wp\/v2\/users\/3"}],"replies":[{"embeddable":true,"href":"https:\/\/nuevoguarico.com\/index.php?rest_route=%2Fwp%2Fv2%2Fcomments&post=7934"}],"version-history":[{"count":13,"href":"https:\/\/nuevoguarico.com\/index.php?rest_route=\/wp\/v2\/pages\/7934\/revisions"}],"predecessor-version":[{"id":8007,"href":"https:\/\/nuevoguarico.com\/index.php?rest_route=\/wp\/v2\/pages\/7934\/revisions\/8007"}],"wp:attachment":[{"href":"https:\/\/nuevoguarico.com\/index.php?rest_route=%2Fwp%2Fv2%2Fmedia&parent=7934"}],"curies":[{"name":"wp","href":"https:\/\/api.w.org\/{rel}","templated":true}]}}